{"id":3014,"date":"2025-10-06T13:28:30","date_gmt":"2025-10-06T13:28:30","guid":{"rendered":"https:\/\/tienda.bellfisic.com\/?post_type=product&#038;p=3014"},"modified":"2026-04-03T16:19:35","modified_gmt":"2026-04-03T16:19:35","slug":"duo-relax-regalode-lunes-a-domingo-%f0%9f%92%a6%f0%9f%92%86%f0%9f%8f%bb%e2%99%82%ef%b8%8f%f0%9f%92%86%e2%99%80%ef%b8%8f%f0%9f%8d%be%f0%9f%8e%81-copia","status":"publish","type":"product","link":"https:\/\/tienda.bellfisic.com\/?product=duo-relax-regalode-lunes-a-domingo-%f0%9f%92%a6%f0%9f%92%86%f0%9f%8f%bb%e2%99%82%ef%b8%8f%f0%9f%92%86%e2%99%80%ef%b8%8f%f0%9f%8d%be%f0%9f%8e%81-copia","title":{"rendered":"\ud83c\udf81 D\u00daO RELAX &#8211; REGALO. Bono valido hasta el 31\/10\/2026."},"content":{"rendered":"<p>Spa situado en la localidad de Santa Pon\u00e7a dentro del <strong>HOTEL NURA SANTA PONSA PINS<\/strong>. Cuenta con un completo circuito de spa con jacuzzi con chorros de agua caliente, sauna finlandesa, sauna con sal del Himalaya, Pileta de agua fr\u00eda, \u00e1rea de relax y cuatro salas de tratamiento para masajes relajantes o tratamientos de belleza realizados con productos naturales.<\/p>\n<h3><strong>\u00a1BONOS MUY LIMITADOS!. \ud83d\udca6\ud83d\udc86\ud83c\udffb\u200d\u2642\ufe0f\ud83d\udc86\u200d\u2640\ufe0f\ud83c\udf81\ud83d\udc51\ud83d\udc9d<\/strong><\/h3>\n<h3>Incluye: <strong>2 Circuitos (60 min), 2 Masajes (35 min) y copas de cava.<\/strong> (Compra tantos como quieras, ya sea para ti o para regalar, hasta que se agoten).<\/h3>\n<h3><strong>Un bono especial que te permite regalar o disfrutar de una experiencia \u00fanica para cualquier ocasi\u00f3n. Podr\u00e1s disfrutar de este bono hasta el 31 de octubre de 2026. <em>\ud83d\udcc5 (Imprescindible cita previa para disfrutar del bono).<\/em><\/strong><\/h3>\n<h3>Nuestros horarios de servicio. Estamos disponibles de lunes a domingo, de 11:00 a 19:00 horas.<\/h3>\n<h4>Durante la temporada de invierno (del 1 de noviembre al 31 de marzo de 2026), el horario ser\u00e1: S\u00e1bados y Domingos de 11:00 h a 19:00 h (cerrado de lunes a viernes).<\/h4>\n<h5>Te mandaremos un correo electr\u00f3nico de confirmaci\u00f3n de compra y el bono en PDF. \u00dasalo para agendar tu experiencia en el Spa Nura de Santa Pon\u00e7a.<\/h5>\n<h5><strong>Contacto: Tel\u00e9fono o WhatsApp<span class=\"html-span xdj266r x11i5rnm xat24cr x1mh8g0r xexx8yu x4uap5 x18d9i69 xkhd6sd x1hl2dhg x16tdsg8 x1vvkbs\"> +34 625433913\u00a0<\/span><\/strong><\/h5>\n<h4>Tambi\u00e9n puedes realizar el pago mediante ingreso o transferencia bancaria, una opci\u00f3n c\u00f3moda y pr\u00e1ctica, tanto para la compra de un \u00fanico bono como para varios.<\/h4>\n<h3><strong>\ud83d\udcb0Aprovecha el pago por transferencia y ahorra 2\u20ac en comisiones.<\/strong><br \/>\n<strong>\ud83d\udc49 Total a pagar por transferencia: 57 \u20ac por Bono\u00a0<\/strong><\/h3>\n<p><strong>\ud83c\udfe6 Banco Santander<\/strong><br data-start=\"306\" data-end=\"309\" \/>\ud83d\udc64 <strong data-start=\"312\" data-end=\"329\">Beneficiario:<\/strong> BELLFISIC SL<br data-start=\"342\" data-end=\"345\" \/>\ud83d\udcb3 <strong data-start=\"348\" data-end=\"357\">IBAN: <span style=\"font-family: tahoma, sans-serif\">ES42 0049 5250 3325 1648 0045\u00a0<\/span><\/strong><\/p>\n<p>\ud83d\udcdd <strong data-start=\"394\" data-end=\"407\">Concepto:<\/strong> indica tu <strong data-start=\"418\" data-end=\"437\">nombre completo<\/strong>.<br data-start=\"438\" data-end=\"441\" \/>\ud83d\udcf2 <strong data-start=\"444\" data-end=\"461\">Justificante:<\/strong> env\u00eda el comprobante de pago por WhatsApp al <strong data-start=\"507\" data-end=\"526\">+34 625 433 913<\/strong>.<\/p>\n<p>Una vez confirmado el pago, te enviaremos <strong data-start=\"571\" data-end=\"599\">tus bonos personalizados<\/strong> \ud83c\udf81<\/p>\n<p><strong data-start=\"606\" data-end=\"624\">Bellfisic Spas<\/strong><\/p>\n","protected":false},"excerpt":{"rendered":"<p>\u00abIncluye: 2 circuitos de 60 minutos, 2 masajes de 35 minutos y copas de cava. \u2728\ud83d\udc86\u200d\u2640\ufe0f\ud83d\udc86\u200d\u2642\ufe0f\ud83c\udf81\ud83d\udd25<\/p>\n<p>( 59 <span class=\"woocommerce-Price-currencySymbol\">\u20ac<\/span> PRECIO TOTAL PAREJA )<\/p>\n","protected":false},"featured_media":5771,"template":"","meta":[],"product_brand":[],"product_cat":[20],"product_tag":[21,22],"class_list":{"0":"post-3014","1":"product","2":"type-product","3":"status-publish","4":"has-post-thumbnail","6":"product_cat-experiencias","7":"product_tag-relax","8":"product_tag-spa","10":"first","11":"instock","12":"sale","13":"virtual","14":"sold-individually","15":"purchasable","16":"product-type-simple"},"_links":{"self":[{"href":"https:\/\/tienda.bellfisic.com\/index.php?rest_route=\/wp\/v2\/product\/3014","targetHints":{"allow":["GET"]}}],"collection":[{"href":"https:\/\/tienda.bellfisic.com\/index.php?rest_route=\/wp\/v2\/product"}],"about":[{"href":"https:\/\/tienda.bellfisic.com\/index.php?rest_route=\/wp\/v2\/types\/product"}],"wp:featuredmedia":[{"embeddable":true,"href":"https:\/\/tienda.bellfisic.com\/index.php?rest_route=\/wp\/v2\/media\/5771"}],"wp:attachment":[{"href":"https:\/\/tienda.bellfisic.com\/index.php?rest_route=%2Fwp%2Fv2%2Fmedia&parent=3014"}],"wp:term":[{"taxonomy":"product_brand","embeddable":true,"href":"https:\/\/tienda.bellfisic.com\/index.php?rest_route=%2Fwp%2Fv2%2Fproduct_brand&post=3014"},{"taxonomy":"product_cat","embeddable":true,"href":"https:\/\/tienda.bellfisic.com\/index.php?rest_route=%2Fwp%2Fv2%2Fproduct_cat&post=3014"},{"taxonomy":"product_tag","embeddable":true,"href":"https:\/\/tienda.bellfisic.com\/index.php?rest_route=%2Fwp%2Fv2%2Fproduct_tag&post=3014"}],"curies":[{"name":"wp","href":"https:\/\/api.w.org\/{rel}","templated":true}]}}